{"id":980,"date":"2024-06-19T22:30:46","date_gmt":"2024-06-19T22:30:46","guid":{"rendered":"https:\/\/funerariadegalicia.com\/defunciones\/?page_id=980"},"modified":"2025-05-05T17:56:49","modified_gmt":"2025-05-05T17:56:49","slug":"servicios-funerarios-en-xermade","status":"publish","type":"page","link":"https:\/\/funerariadegalicia.com\/defunciones\/funerarias\/lugo\/servicios-funerarios-en-xermade\/","title":{"rendered":"\u271d\ufe0f Servicios funerarios en Xermade \u21e8 Lugo"},"content":{"rendered":"\n\n<div class=\"kk-star-ratings kksr-auto kksr-align-left kksr-valign-top\"\n    data-payload='{&quot;align&quot;:&quot;left&quot;,&quot;id&quot;:&quot;980&quot;,&quot;slug&quot;:&quot;default&quot;,&quot;valign&quot;:&quot;top&quot;,&quot;ignore&quot;:&quot;&quot;,&quot;reference&quot;:&quot;auto&quot;,&quot;class&quot;:&quot;&quot;,&quot;count&quot;:&quot;4&quot;,&quot;legendonly&quot;:&quot;&quot;,&quot;readonly&quot;:&quot;&quot;,&quot;score&quot;:&quot;5&quot;,&quot;starsonly&quot;:&quot;&quot;,&quot;best&quot;:&quot;5&quot;,&quot;gap&quot;:&quot;5&quot;,&quot;greet&quot;:&quot;Valorar&quot;,&quot;legend&quot;:&quot;5\\\/5 - (4 votos)&quot;,&quot;size&quot;:&quot;24&quot;,&quot;title&quot;:&quot;\u271d\ufe0f Servicios funerarios en Xermade \u21e8 Lugo&quot;,&quot;width&quot;:&quot;142.5&quot;,&quot;_legend&quot;:&quot;{score}\\\/{best} - ({count} {votes})&quot;,&quot;font_factor&quot;:&quot;1.25&quot;}'>\n            \n<div class=\"kksr-stars\">\n    \n<div class=\"kksr-stars-inactive\">\n            <div class=\"kksr-star\" data-star=\"1\" style=\"padding-right: 5px\">\n            \n\n<div class=\"kksr-icon\" style=\"width: 24px; height: 24px;\"><\/div>\n        <\/div>\n            <div class=\"kksr-star\" data-star=\"2\" style=\"padding-right: 5px\">\n            \n\n<div class=\"kksr-icon\" style=\"width: 24px; height: 24px;\"><\/div>\n        <\/div>\n            <div class=\"kksr-star\" data-star=\"3\" style=\"padding-right: 5px\">\n            \n\n<div class=\"kksr-icon\" style=\"width: 24px; height: 24px;\"><\/div>\n        <\/div>\n            <div class=\"kksr-star\" data-star=\"4\" style=\"padding-right: 5px\">\n            \n\n<div class=\"kksr-icon\" style=\"width: 24px; height: 24px;\"><\/div>\n        <\/div>\n            <div class=\"kksr-star\" data-star=\"5\" style=\"padding-right: 5px\">\n            \n\n<div class=\"kksr-icon\" style=\"width: 24px; height: 24px;\"><\/div>\n        <\/div>\n    <\/div>\n    \n<div class=\"kksr-stars-active\" style=\"width: 142.5px;\">\n            <div class=\"kksr-star\" style=\"padding-right: 5px\">\n            \n\n<div class=\"kksr-icon\" style=\"width: 24px; height: 24px;\"><\/div>\n        <\/div>\n            <div class=\"kksr-star\" style=\"padding-right: 5px\">\n            \n\n<div class=\"kksr-icon\" style=\"width: 24px; height: 24px;\"><\/div>\n        <\/div>\n            <div class=\"kksr-star\" style=\"padding-right: 5px\">\n            \n\n<div class=\"kksr-icon\" style=\"width: 24px; height: 24px;\"><\/div>\n        <\/div>\n            <div class=\"kksr-star\" style=\"padding-right: 5px\">\n            \n\n<div class=\"kksr-icon\" style=\"width: 24px; height: 24px;\"><\/div>\n        <\/div>\n            <div class=\"kksr-star\" style=\"padding-right: 5px\">\n            \n\n<div class=\"kksr-icon\" style=\"width: 24px; height: 24px;\"><\/div>\n        <\/div>\n    <\/div>\n<\/div>\n                \n\n<div class=\"kksr-legend\" style=\"font-size: 19.2px;\">\n            5\/5 - (4 votos)    <\/div>\n    <\/div>\n<p>Funeraria de Galicia ofrece servicios funerarios completos tanto para particulares como para compa\u00f1\u00edas aseguradoras en Xermade (Lugo).<\/p>\n<p><strong>Ofrecemos una amplia gama de servicios y tr\u00e1mites funerarios<\/strong>, que incluyen entierros, incineraciones, exhumaciones, gesti\u00f3n de pensiones de viudedad, \u00faltimas voluntades, limpieza de nichos, arreglos florales, traslados nacionales e internacionales, seguros de decesos, publicaci\u00f3n de esquelas y organizaci\u00f3n de aniversarios.<\/p>\n<p>En Funeraria de Galicia, la familia tiene la libertad de definir el presupuesto para el sepelio. Con un servicio personalizado, evitamos gastos innecesarios y garantizamos la completa satisfacci\u00f3n de nuestros clientes.<\/p>\n<h2>\u2705\u00a0SERVICIOS:<\/h2>\n<p>Servicio funerario 24\/7<\/p>\n<p>Inhumaciones, Incineraciones, Exhumaciones.<\/p>\n<p>Arcas, f\u00e9retros y urnas.<\/p>\n<p>Tanatoest\u00e9tica.<\/p>\n<p>Publicaci\u00f3n de Esquelas.<\/p>\n<p>Placas y accesorios para sepulturas.<\/p>\n<p>Florister\u00eda.<\/p>\n<p>Tr\u00e1mites administrativos (Licencias, viudedad, \u00faltimas voluntades\u2026).<\/p>\n<p><strong>\ud83e\udd35\u00a0Funeraria de Galicia<\/strong>\u00a0\u226b Servicio 24 horas.\u00a0\u260e\u00a0<strong>644 633 123<\/strong><\/p>\n<h2>\ud83d\ude4f Costumbres de la zona de Xermade<\/h2>\n<p>Xermade est\u00e1 compuesto por las parroquias: <b>Burg\u00e1s, Cabreiros, Candamil, Caz\u00e1s, Lousada, Miraz, Mom\u00e1n , Pi\u00f1eiro, Roupar e Xermade.<\/b>Con iglesias pertenecientes a la di\u00f3cesis de Mondo\u00f1edo-Ferrol, estas parroquias mantienen costumbres tradicionales basadas en la fe cat\u00f3lica cristiana.<\/p>\n<p>\ud83d\udec8 Es fundamental recordar que el entierro debe llevarse a cabo de una manera que refleje los deseos que la familia considera que hubiera tenido la persona fallecida, independientemente de las costumbres locales.<\/p>\n<p><strong>\u27ae Cuando ocurre un fallecimiento<\/strong>, la persona fallecida, la familia y los funerarios se trasladan al <strong>tanatorio<\/strong>. All\u00ed se realizan varios servicios esenciales, como la <strong>confecci\u00f3n de la esquela y la tanatoest\u00e9tica<\/strong> (preparaci\u00f3n est\u00e9tica del difunto). Se coordina con el p\u00e1rroco <strong>la hora del entierro y del rosario<\/strong>, siempre en consulta con la familia. Adem\u00e1s, se notifica al <strong>campanero<\/strong> para que toque las campanas como aviso tradicional de fallecimiento. La esquela se publica seg\u00fan los deseos de la familia, ya sea en murales, en la web, en la radio o en la prensa, y se gestionan los <strong>pedidos de flores<\/strong>.<\/p>\n<p><strong>\ud83d\udec8 En Funeraria de Galicia, nos encargamos de todo<\/strong> para liberar a la familia de cualquier preocupaci\u00f3n. Preparamos la sepultura, retiramos restos (si los hubiera) y limpiamos la sepultura para la inhumaci\u00f3n posterior.<\/p>\n<p><strong>Durante el d\u00eda<\/strong>, la familia recibe a los velantes mientras la funeraria brinda atenci\u00f3n continua. Nos encargamos de colocar las flores en el f\u00e9retro y preparamos el rezo nocturno del rosario, oficiado por el p\u00e1rroco.<\/p>\n<p><strong>\u27ae El d\u00eda y la hora del entierro<\/strong>, el p\u00e1rroco realiza un responso en el tanatorio. La familia tiene la oportunidad de despedirse nuevamente antes de dirigirse a la iglesia parroquial, donde se celebra la <strong>misa funeral<\/strong> por el eterno descanso del difunto. Posteriormente, se lleva a cabo la <strong>inhumaci\u00f3n<\/strong> en el cementerio. En algunas parroquias, es habitual realizar primero la inhumaci\u00f3n y luego la misa funeral.<\/p>\n<p><strong>En Funeraria de Galicia<\/strong>, nos encargamos de organizar el entierro y atender cualquier necesidad que pueda surgir.<\/p>\n<p>Entendemos que las tradiciones locales pueden diferir de los deseos personales de la familia. En Funeraria de Galicia, nos comprometemos a<strong> respetar y cumplir todos los deseos de la familia respecto al servicio funerario<\/strong>. Adem\u00e1s, ofrecemos diversas opciones, como la cremaci\u00f3n en lugar de la inhumaci\u00f3n, o cualquier otra variante que la familia prefiera. Nuestra prioridad es siempre <strong>honrar los deseos tanto del fallecido como de sus seres queridos<\/strong>, asegurando que cada detalle del servicio se realice conforme a sus preferencias y necesidades.<\/p>\n<div class=\"container py-5 mb-5\">\n<div class=\"bg-white\">\n<div class=\"owl-carousel vendor-carousel owl-loaded owl-drag\">\n<div class=\"owl-stage-outer\">\n<div class=\"owl-stage\">\n<blockquote><p><strong>\u271e\u00a0\ud83e\udd35\u00a0Funeraria de Galicia<\/strong>\u00a0\u226b Servicio 24 horas.<\/p>\n<h3 class=\"LC20lb MBeuO DKV0Md\">\ud83d\udcf1644 633 123<\/h3>\n<\/blockquote>\n<p>*Debemos recordar que<strong>\u00a0las costumbres o tradiciones no son una imposici\u00f3n<\/strong>, y es una obligaci\u00f3n moral respetar las voluntades de la persona fallecida si se conocen, acorde con sus familiares m\u00e1s cercanos a la hora de organizar y realizar el sepelio.<\/p>\n<\/div>\n<\/div>\n<\/div>\n<\/div>\n<\/div>\n<h3><strong>\ud83c\udfdb\ufe0f Tanatorio recomendado para Xermade:<\/strong><\/h3>\n<p>A unos 10 minutos en coche del municipio se encuentra el Tanatorio Azahar, un gran edificio dotado de 4 salas para velatorio, capilla, cafeter\u00eda, florister\u00eda, wifi y otros servicios.<\/p>\n<blockquote class=\"wp-embedded-content\" data-secret=\"DD2yWbhvKJ\"><p><a href=\"https:\/\/tanatorioazahar.com\/instalaciones\/\">&#x2611; Instalaciones<\/a><\/p><\/blockquote>\n<p><iframe loading=\"lazy\" class=\"wp-embedded-content\" sandbox=\"allow-scripts\" security=\"restricted\" style=\"position: absolute; visibility: hidden;\" title=\"\u00ab&#x2611; Instalaciones\u00bb \u2014 \u271e Tanatorio Azahar  (Vilalba)\" src=\"https:\/\/tanatorioazahar.com\/instalaciones\/embed\/#?secret=DD2yWbhvKJ\" data-secret=\"DD2yWbhvKJ\" width=\"600\" height=\"338\" frameborder=\"0\" marginwidth=\"0\" marginheight=\"0\" scrolling=\"no\"><\/iframe><\/p>\n<h2>\ud83d\udcb3 \u00bfCu\u00e1nto cuesta un entierro en Xermade?<\/h2>\n<p><strong>El costo de un sepelio puede variar considerablemente<\/strong> seg\u00fan los servicios y productos funerarios que se elijan. Un <strong>servicio funerario b\u00e1sico puede tener un precio inferior a 1.800\u20ac<\/strong>. Sin embargo, puede personalizarlo con servicios adicionales como arreglos florales, avisos en radio y prensa, entre otros, seg\u00fan sus necesidades y preferencias, lo que podr\u00eda aumentar el costo final.<\/p>\n<p>No dude en solicitar un <strong>presupuesto sin compromiso<\/strong> para conocer el costo detallado de un servicio con Funeraria de Galicia en Xermade.<\/p>\n<p><strong><a class=\"blogus-categories category-color-1\" href=\"https:\/\/funerariadegalicia.com\/#presupuesto\">Solicitar Presupuesto Ahora \u00bb<\/a><\/strong><\/p>\n<p>Un agente funerario especializado atender\u00e1 su consulta en la mayor brevedad posible y le asesorar\u00e1, guiar\u00e1 y ayudar\u00e1 en aquello que usted precise del agente.<\/p>\n<div class=\"section-title text-center position-relative pb-3 mb-5 mx-auto\">\n<h2 class=\"fw-bold text-primary text-uppercase\">\ud83d\ude4c\u00a0SEGUROS DE VIDA O DECESOS<\/h2>\n<h4>Aceptamos todas las compa\u00f1\u00edas que se comercializan en Espa\u00f1a y nos adaptamos a las condiciones de su p\u00f3liza para que le cubra el sepelio.<\/h4>\n<p><strong>\u270bEn caso de fallecimiento ll\u00e1menos directamente<\/strong>, nosotros nos ocupamos de dar parte a la compa\u00f1\u00eda y realizar todos los tr\u00e1mites que se soliciten.<\/p>\n<p>Tenemos adem\u00e1s convenios especiales con las principales aseguradoras del pa\u00eds lo que le dar\u00e1 una mayor flexibilidad y garant\u00eda de satisfacci\u00f3n con su compa\u00f1\u00eda aseguradora.<\/p>\n<\/div>\n<div class=\"container py-5 mb-5\">\n<div class=\"bg-white\">\n<div class=\"owl-carousel vendor-carousel owl-loaded owl-drag\">\n<div class=\"owl-stage-outer\">\n<div class=\"owl-stage\">\n<div class=\"owl-item cloned\"><img decoding=\"async\" src=\"https:\/\/funerariadegalicia.com\/img\/caser.jpg\" alt=\"Caser seguros\" \/><img decoding=\"async\" src=\"https:\/\/funerariadegalicia.com\/img\/fe-seguros.jpg\" alt=\"FE seguros\" \/><img decoding=\"async\" src=\"https:\/\/funerariadegalicia.com\/img\/santa-lucia.jpg\" alt=\"Santa Lucia\" \/><img decoding=\"async\" src=\"https:\/\/funerariadegalicia.com\/img\/dkv.jpg\" alt=\"DKV\" \/><img decoding=\"async\" src=\"https:\/\/funerariadegalicia.com\/img\/mapfre.jpg\" alt=\"Mapfre\" \/><img decoding=\"async\" src=\"https:\/\/funerariadegalicia.com\/img\/ocaso.jpg\" alt=\"Ocaso\" \/><img decoding=\"async\" src=\"https:\/\/funerariadegalicia.com\/img\/fiatc.jpg\" alt=\"FiatC\" \/><img decoding=\"async\" src=\"https:\/\/funerariadegalicia.com\/img\/adeslas.jpg\" alt=\"Adeslas\" \/><img decoding=\"async\" src=\"https:\/\/funerariadegalicia.com\/img\/helvetia.jpg\" alt=\"Helvetia\" \/><\/div>\n<div>\n<p><strong>\u270bEn caso de fallecimiento cont\u00e1ctenos inmediatamente<\/strong>, prestamos servicio\u00a0<strong>24 horas<\/strong>\u00a0tambi\u00e9n en\u00a0<b>Pol.<\/b><\/p>\n<blockquote><p><strong>\u271e\u00a0\ud83e\udd35\u00a0Funeraria de Galicia<\/strong> \u226b Servicio 24 horas.<br \/>\n\ud83d\udcf1644 633 123<\/p><\/blockquote>\n<\/div>\n<\/div>\n<\/div>\n<\/div>\n<\/div>\n<\/div>\n<h2>\ud83d\udcf2\u00a0Tambi\u00e9n por WhatsApp<\/h2>\n<p><strong>Ahora a\u00fan m\u00e1s r\u00e1pido! Puede contactarnos por WhatsApp<\/strong>\u00a0si lo prefiere, para ello tan solo\u00a0<strong>pulse el siguiente enlace<\/strong>\u00a0y se abrir\u00e1 una sala de chat directa con nosotros, as\u00ed podremos darle una atenci\u00f3n m\u00e1s directa y aprovechando las ventajas de las nuevas tecnolog\u00edas para el env\u00edo de documentos, presupuestos, fotos, etc\u2026:<\/p>\n<h1><a href=\"https:\/\/api.whatsapp.com\/send?phone=34644633123&amp;text=Hola%20deseo%20informarme\"><img loading=\"lazy\" decoding=\"async\" class=\"alignnone wp-image-124\" src=\"https:\/\/funerariadegalicia.com\/defunciones\/wp-content\/uploads\/2023\/10\/wharsapp-icono.gif\" alt=\"whatsapp icono\" width=\"35\" height=\"34\" \/>\u00a0<strong>Enviar WhatsApp \u00bb<\/strong><\/a><\/h1>\n<p>Le enviaremos el presupuesto detallado y vinculante a su medida por Whatsapp o por correo electr\u00f3nico y si lo permite, un agente funerario contactar\u00e1 con usted para darle un mejor asesoramiento.<\/p>\n<pre><a href=\"tel:644.633.123\">\u260e TOQUE AQUI PARA LLAMAR \u00bb<\/a><\/pre>\n<pre><a href=\"https:\/\/api.whatsapp.com\/send?phone=34644633123&amp;text=Hola%20deseo%20informarme\">\ud83d\udcf1 TOQUE AQU\u00cd PARA WHATSAPP \u00bb<\/a><\/pre>\n<p>&nbsp;<\/p>\n","protected":false},"excerpt":{"rendered":"<p>Funeraria de Galicia ofrece servicios funerarios completos tanto para particulares como para compa\u00f1\u00edas aseguradoras en Xermade (Lugo). Ofrecemos una amplia gama de servicios y tr\u00e1mites funerarios, que incluyen entierros, incineraciones, exhumaciones, gesti\u00f3n de pensiones de viudedad, \u00faltimas voluntades, limpieza de nichos, arreglos florales, traslados nacionales e internacionales, seguros de decesos, publicaci\u00f3n de esquelas y organizaci\u00f3n [&hellip;]<\/p>\n","protected":false},"author":1,"featured_media":981,"parent":95,"menu_order":0,"comment_status":"closed","ping_status":"closed","template":"","meta":{"footnotes":""},"class_list":["post-980","page","type-page","status-publish","has-post-thumbnail","hentry"],"_links":{"self":[{"href":"https:\/\/funerariadegalicia.com\/defunciones\/wp-json\/wp\/v2\/pages\/980","targetHints":{"allow":["GET"]}}],"collection":[{"href":"https:\/\/funerariadegalicia.com\/defunciones\/wp-json\/wp\/v2\/pages"}],"about":[{"href":"https:\/\/funerariadegalicia.com\/defunciones\/wp-json\/wp\/v2\/types\/page"}],"author":[{"embeddable":true,"href":"https:\/\/funerariadegalicia.com\/defunciones\/wp-json\/wp\/v2\/users\/1"}],"replies":[{"embeddable":true,"href":"https:\/\/funerariadegalicia.com\/defunciones\/wp-json\/wp\/v2\/comments?post=980"}],"version-history":[{"count":3,"href":"https:\/\/funerariadegalicia.com\/defunciones\/wp-json\/wp\/v2\/pages\/980\/revisions"}],"predecessor-version":[{"id":1137,"href":"https:\/\/funerariadegalicia.com\/defunciones\/wp-json\/wp\/v2\/pages\/980\/revisions\/1137"}],"up":[{"embeddable":true,"href":"https:\/\/funerariadegalicia.com\/defunciones\/wp-json\/wp\/v2\/pages\/95"}],"wp:featuredmedia":[{"embeddable":true,"href":"https:\/\/funerariadegalicia.com\/defunciones\/wp-json\/wp\/v2\/media\/981"}],"wp:attachment":[{"href":"https:\/\/funerariadegalicia.com\/defunciones\/wp-json\/wp\/v2\/media?parent=980"}],"curies":[{"name":"wp","href":"https:\/\/api.w.org\/{rel}","templated":true}]}}