{"id":503,"date":"2024-01-25T03:24:07","date_gmt":"2024-01-25T03:24:07","guid":{"rendered":"https:\/\/funerariadegalicia.com\/defunciones\/?page_id=503"},"modified":"2025-05-05T18:03:15","modified_gmt":"2025-05-05T18:03:15","slug":"servicios-funerarios-en-riotorto","status":"publish","type":"page","link":"https:\/\/funerariadegalicia.com\/defunciones\/funerarias\/lugo\/servicios-funerarios-en-riotorto\/","title":{"rendered":"\u271d\ufe0f Servicios funerarios en Riotorto \u21e8 Lugo"},"content":{"rendered":"\n\n<div class=\"kk-star-ratings kksr-auto kksr-align-left kksr-valign-top\"\n    data-payload='{&quot;align&quot;:&quot;left&quot;,&quot;id&quot;:&quot;503&quot;,&quot;slug&quot;:&quot;default&quot;,&quot;valign&quot;:&quot;top&quot;,&quot;ignore&quot;:&quot;&quot;,&quot;reference&quot;:&quot;auto&quot;,&quot;class&quot;:&quot;&quot;,&quot;count&quot;:&quot;9&quot;,&quot;legendonly&quot;:&quot;&quot;,&quot;readonly&quot;:&quot;&quot;,&quot;score&quot;:&quot;5&quot;,&quot;starsonly&quot;:&quot;&quot;,&quot;best&quot;:&quot;5&quot;,&quot;gap&quot;:&quot;5&quot;,&quot;greet&quot;:&quot;Valorar&quot;,&quot;legend&quot;:&quot;5\\\/5 - (9 votos)&quot;,&quot;size&quot;:&quot;24&quot;,&quot;title&quot;:&quot;\u271d\ufe0f Servicios funerarios en Riotorto \u21e8 Lugo&quot;,&quot;width&quot;:&quot;142.5&quot;,&quot;_legend&quot;:&quot;{score}\\\/{best} - ({count} {votes})&quot;,&quot;font_factor&quot;:&quot;1.25&quot;}'>\n            \n<div class=\"kksr-stars\">\n    \n<div class=\"kksr-stars-inactive\">\n            <div class=\"kksr-star\" data-star=\"1\" style=\"padding-right: 5px\">\n            \n\n<div class=\"kksr-icon\" style=\"width: 24px; height: 24px;\"><\/div>\n        <\/div>\n            <div class=\"kksr-star\" data-star=\"2\" style=\"padding-right: 5px\">\n            \n\n<div class=\"kksr-icon\" style=\"width: 24px; height: 24px;\"><\/div>\n        <\/div>\n            <div class=\"kksr-star\" data-star=\"3\" style=\"padding-right: 5px\">\n            \n\n<div class=\"kksr-icon\" style=\"width: 24px; height: 24px;\"><\/div>\n        <\/div>\n            <div class=\"kksr-star\" data-star=\"4\" style=\"padding-right: 5px\">\n            \n\n<div class=\"kksr-icon\" style=\"width: 24px; height: 24px;\"><\/div>\n        <\/div>\n            <div class=\"kksr-star\" data-star=\"5\" style=\"padding-right: 5px\">\n            \n\n<div class=\"kksr-icon\" style=\"width: 24px; height: 24px;\"><\/div>\n        <\/div>\n    <\/div>\n    \n<div class=\"kksr-stars-active\" style=\"width: 142.5px;\">\n            <div class=\"kksr-star\" style=\"padding-right: 5px\">\n            \n\n<div class=\"kksr-icon\" style=\"width: 24px; height: 24px;\"><\/div>\n        <\/div>\n            <div class=\"kksr-star\" style=\"padding-right: 5px\">\n            \n\n<div class=\"kksr-icon\" style=\"width: 24px; height: 24px;\"><\/div>\n        <\/div>\n            <div class=\"kksr-star\" style=\"padding-right: 5px\">\n            \n\n<div class=\"kksr-icon\" style=\"width: 24px; height: 24px;\"><\/div>\n        <\/div>\n            <div class=\"kksr-star\" style=\"padding-right: 5px\">\n            \n\n<div class=\"kksr-icon\" style=\"width: 24px; height: 24px;\"><\/div>\n        <\/div>\n            <div class=\"kksr-star\" style=\"padding-right: 5px\">\n            \n\n<div class=\"kksr-icon\" style=\"width: 24px; height: 24px;\"><\/div>\n        <\/div>\n    <\/div>\n<\/div>\n                \n\n<div class=\"kksr-legend\" style=\"font-size: 19.2px;\">\n            5\/5 - (9 votos)    <\/div>\n    <\/div>\n<p><strong>Funeraria de Galicia<\/strong> ofrece servicios funerarios completos para particulares y compa\u00f1\u00edas aseguradoras tambi\u00e9n en <strong>Riotorto<\/strong> (Lugo).<\/p>\n<p>Realizamos todo tipo de servicios y tr\u00e1mites funerarios: entierros, incineraciones, exhumaciones, viudedad, \u00faltimas voluntades, limpieza de nichos, ofrendas florales, traslados nacionales e internacionales, seguros de decesos, esquelas, aniversarios\u2026<\/p>\n<p><strong>En Funeraria de Galicia la familia decide lo que quiere gastar<\/strong>\u00a0en el sepelio. Con un servicio a medida evitamos gastos innecesarios y garantizamos la satisfacci\u00f3n del servicio.<\/p>\n<h2>\u2705\u00a0SERVICIOS:<\/h2>\n<p>Servicio funerario 24\/7<\/p>\n<p>Inhumaciones, Incineraciones, Exhumaciones.<\/p>\n<p>Arcas, f\u00e9retros y urnas.<\/p>\n<p>Tanatoest\u00e9tica.<\/p>\n<p>Publicaci\u00f3n de Esquelas.<\/p>\n<p>Placas y accesorios para sepulturas.<\/p>\n<p>Florister\u00eda.<\/p>\n<p>Tr\u00e1mites administrativos (Licencias, viudedad, \u00faltimas voluntades\u2026).<\/p>\n<p><strong>\ud83e\udd35\u00a0Funeraria de Galicia<\/strong>\u00a0\u226b Servicio 24 horas.\u00a0\u260e\u00a0<strong>644 633 123<\/strong><\/p>\n<h2>\ud83d\ude4f Costumbres de la zona de Riotorto<\/h2>\n<p>En el municipio de Riotorto, situado en la provincia de Lugo, <strong>las inhumaciones siguen siendo m\u00e1s comunes que las incineraciones<\/strong>, manteniendo as\u00ed una arraigada tradici\u00f3n de entierro en la zona considerada en su inmensa mayor\u00eda cristianos cat\u00f3licos.<\/p>\n<p>Es esencial recordar que <strong>los funerales deben llevarse a cabo seg\u00fan las preferencias de la persona fallecida<\/strong> y <strong>en concordancia con los deseos de la familia<\/strong>, independientemente de las costumbres locales. La funeraria siempre ofrecer\u00e1 opciones para personalizar el servicio, brindando asesoramiento y respetando las tradiciones locales.<\/p>\n<p>En el caso espec\u00edfico de los funerales en Riotorto, la mayor\u00eda sigue un proceso que involucra varios pasos:<\/p>\n<p><strong>Tras el fallecimiento<\/strong>, la familia y el difunto son trasladados al Tanatorio municipal de Riotorto.<\/p>\n<p><strong>En las primeras horas<\/strong> en el tanatorio, se coordina con el p\u00e1rroco (dependiendo de la iglesia\/cementerio elegido) la hora del Rosario y el entierro, seg\u00fan las preferencias de la familia.<\/p>\n<p><strong>Se elabora la esquela<\/strong> y <strong>se prepara la persona difunta<\/strong> para su exposici\u00f3n (Tanatoest\u00e9tica), siendo com\u00fan en la zona exponerlos con la \u00abcaja abierta\u00bb durante los velatorios. La esquela suele hacerse p\u00fablica.<\/p>\n<p><strong>Se notifica al campanero<\/strong> de la parroquia donde se llevar\u00e1 a cabo el entierro para que repique las campanas en se\u00f1al del tradicional <strong>aviso de fallecimiento<\/strong>.<\/p>\n<p>Es habitual el <strong>rezo de un santo rosario<\/strong> oficiado por el p\u00e1rroco esa misma tarde-noche.<\/p>\n<p><strong>El d\u00eda del entierro<\/strong>, se suele realizar un rezo de levantamiento y posteriormente la procesi\u00f3n o conducci\u00f3n hasta la iglesia parroquial donde se oficiar\u00e1 la misa funeral.<\/p>\n<p>Siguiendo las costumbres locales, <strong>la caja con el difunto se introduce en la iglesia<\/strong> (cuerpo presente) mientras se celebra la misa funeral por su eterno descanso.<\/p>\n<p>Posteriormente, s<strong>e traslada al cementerio<\/strong> donde se le dar\u00e1 cristiana sepultura.<\/p>\n<p>En\u00a0<strong>Funeraria de Galici<\/strong>a nos encargamos de organizar el entierro y atender cualquier necesidad que pueda surgir.<\/p>\n<p><strong>M\u00e1s opciones:\u00a0<\/strong>\u00a0Comprendemos que las tradiciones municipales pueden diferir de los deseos familiares. En Funeraria de Galicia, respetamos y acatamos todos los deseos de la familia con respecto al entierro. Adem\u00e1s,\u00a0<strong>ofrecemos diversas opciones<\/strong>, como la\u00a0<strong>posibilidad de cremaci\u00f3n<\/strong>\u00a0en lugar de inhumaci\u00f3n, o cualquier variaci\u00f3n en la forma de llevar a cabo el entierro. Lo primordial es honrar los deseos de la persona fallecida y sus familiares.<\/p>\n<div class=\"container py-5 mb-5\">\n<div class=\"bg-white\">\n<div class=\"owl-carousel vendor-carousel owl-loaded owl-drag\">\n<div class=\"owl-stage-outer\">\n<div class=\"owl-stage\">\n<blockquote><p><strong>\u271e\u00a0\ud83e\udd35\u00a0Funeraria de Galicia<\/strong>\u00a0\u226b Servicio 24 horas.<\/p>\n<h3 class=\"LC20lb MBeuO DKV0Md\">\ud83d\udcf1644 633 123<\/h3>\n<\/blockquote>\n<p>Debemos recordar que<strong>\u00a0las costumbres o tradiciones no son una imposici\u00f3n<\/strong>, y es una obligaci\u00f3n moral respetar las voluntades de la persona fallecida si se conocen, acorde con sus familiares m\u00e1s cercanos a la hora de organizar y realizar el sepelio.<\/p>\n<\/div>\n<\/div>\n<\/div>\n<\/div>\n<\/div>\n<h3><strong>\ud83c\udfdb\ufe0f Tanatorio en Riotorto:<\/strong><\/h3>\n<p>El municipio dispone de un confortable tanatorio con una amplia sala velatorio, adem\u00e1s de un hall y una amplia capilla para rezos.<\/p>\n<p><img loading=\"lazy\" decoding=\"async\" class=\"alignnone size-medium wp-image-505\" src=\"https:\/\/funerariadegalicia.com\/defunciones\/wp-content\/uploads\/2024\/01\/tanato-riotorto-300x191.jpg\" alt=\"Tanatorio riotorto\" width=\"300\" height=\"191\" srcset=\"https:\/\/funerariadegalicia.com\/defunciones\/wp-content\/uploads\/2024\/01\/tanato-riotorto-300x191.jpg 300w, https:\/\/funerariadegalicia.com\/defunciones\/wp-content\/uploads\/2024\/01\/tanato-riotorto-768x488.jpg 768w, https:\/\/funerariadegalicia.com\/defunciones\/wp-content\/uploads\/2024\/01\/tanato-riotorto.jpg 796w\" sizes=\"auto, (max-width: 300px) 100vw, 300px\" \/><\/p>\n<h2>\ud83d\udcb3 \u00bfCu\u00e1nto cuesta un entierro en Riotorto?<\/h2>\n<p><strong>El costo de un sepelio puede variar significativamente<\/strong>\u00a0seg\u00fan los servicios y productos funerarios que elija.\u00a0<strong>Un servicio funerario b\u00e1sico puede tener un precio por debajo de 1.800\u20ac<\/strong>, aunque puede personalizarlo con servicios y productos adicionales tales como flores, radio, prensa\u2026, seg\u00fan sus necesidades y preferencias, lo que podr\u00eda llevar el costo a un nivel superior.<\/p>\n<p>Si\u00e9ntase libre de pedir un\u00a0<strong>presupuesto sin compromiso<\/strong>, sepa lo que le costar\u00eda un servicio con Funeraria de Galicia en Riotorto.<\/p>\n<p><strong><a class=\"blogus-categories category-color-1\" href=\"https:\/\/funerariadegalicia.com\/#presupuesto\">Solicitar Presupuesto Ahora \u00bb<\/a><\/strong><\/p>\n<p>Un agente funerario especializado atender\u00e1 su consulta en la mayor brevedad posible y le asesorar\u00e1, guiar\u00e1 y ayudar\u00e1 en aquello que usted precise del agente.<\/p>\n<div class=\"section-title text-center position-relative pb-3 mb-5 mx-auto\">\n<h2 class=\"fw-bold text-primary text-uppercase\">\ud83d\ude4c\u00a0SEGUROS DE VIDA O DECESOS<\/h2>\n<h4>Aceptamos todas las compa\u00f1\u00edas que se comercializan en Espa\u00f1a y nos adaptamos a las condiciones de su p\u00f3liza para que le cubra el sepelio.<\/h4>\n<p><strong>\u270bEn caso de fallecimiento ll\u00e1menos directamente<\/strong>, nosotros nos ocupamos de dar parte a la compa\u00f1\u00eda y realizar todos los tr\u00e1mites que se soliciten.<\/p>\n<p>Tenemos adem\u00e1s convenios especiales con las principales aseguradoras del pa\u00eds lo que le dar\u00e1 una mayor flexibilidad y garant\u00eda de satisfacci\u00f3n con su compa\u00f1\u00eda aseguradora.<\/p>\n<\/div>\n<div class=\"container py-5 mb-5\">\n<div class=\"bg-white\">\n<div class=\"owl-carousel vendor-carousel owl-loaded owl-drag\">\n<div class=\"owl-stage-outer\">\n<div class=\"owl-stage\">\n<div class=\"owl-item cloned\"><img decoding=\"async\" src=\"https:\/\/funerariadegalicia.com\/img\/caser.jpg\" alt=\"Caser seguros\" \/><img decoding=\"async\" src=\"https:\/\/funerariadegalicia.com\/img\/fe-seguros.jpg\" alt=\"FE seguros\" \/><img decoding=\"async\" src=\"https:\/\/funerariadegalicia.com\/img\/santa-lucia.jpg\" alt=\"Santa Lucia\" \/><img decoding=\"async\" src=\"https:\/\/funerariadegalicia.com\/img\/dkv.jpg\" alt=\"DKV\" \/><img decoding=\"async\" src=\"https:\/\/funerariadegalicia.com\/img\/mapfre.jpg\" alt=\"Mapfre\" \/><img decoding=\"async\" src=\"https:\/\/funerariadegalicia.com\/img\/ocaso.jpg\" alt=\"Ocaso\" \/><img decoding=\"async\" src=\"https:\/\/funerariadegalicia.com\/img\/fiatc.jpg\" alt=\"FiatC\" \/><img decoding=\"async\" src=\"https:\/\/funerariadegalicia.com\/img\/adeslas.jpg\" alt=\"Adeslas\" \/><img decoding=\"async\" src=\"https:\/\/funerariadegalicia.com\/img\/helvetia.jpg\" alt=\"Helvetia\" \/><\/div>\n<div>\n<p><strong>\u270bEn caso de fallecimiento cont\u00e1ctenos inmediatamente<\/strong>, prestamos servicio\u00a0<strong>24 horas<\/strong>\u00a0tambi\u00e9n en\u00a0<b>Riotorto (Lugo).<\/b><\/p>\n<blockquote><p><strong>\u271e\u00a0\ud83e\udd35\u00a0Funeraria de Galicia<\/strong>\u00a0\u226b Servicio 24 horas.<br \/>\n<strong>\ud83d\udcf1644 633 123<\/strong><\/p><\/blockquote>\n<\/div>\n<\/div>\n<\/div>\n<\/div>\n<\/div>\n<\/div>\n<h2>\ud83d\udcf2\u00a0Tambi\u00e9n por WhatsApp<\/h2>\n<p><strong>Ahora a\u00fan m\u00e1s r\u00e1pido! Puede contactarnos por WhatsApp<\/strong>\u00a0si lo prefiere, para ello tan solo\u00a0<strong>pulse el siguiente enlace<\/strong>\u00a0y se abrir\u00e1 una sala de chat directa con nosotros, as\u00ed podremos darle una atenci\u00f3n m\u00e1s directa y aprovechando las ventajas de las nuevas tecnolog\u00edas para el env\u00edo de documentos, presupuestos, fotos, etc\u2026:<\/p>\n<h1><a href=\"https:\/\/api.whatsapp.com\/send?phone=34644633123&amp;text=Hola%20deseo%20informarme\"><img loading=\"lazy\" decoding=\"async\" class=\"alignnone wp-image-124\" src=\"https:\/\/funerariadegalicia.com\/defunciones\/wp-content\/uploads\/2023\/10\/wharsapp-icono.gif\" alt=\"whatsapp icono\" width=\"35\" height=\"34\" \/>\u00a0<strong>Enviar WhatsApp \u00bb<\/strong><\/a><\/h1>\n<p>Le enviaremos el presupuesto detallado y vinculante a su medida por Whatsapp o por correo electr\u00f3nico y si lo permite, un agente funerario contactar\u00e1 con usted para darle un mejor asesoramiento.<\/p>\n<pre><a href=\"tel:644.633.123\">\u260e TOQUE AQUI PARA LLAMAR \u00bb<\/a><\/pre>\n<pre><a href=\"https:\/\/api.whatsapp.com\/send?phone=34644633123&amp;text=Hola%20deseo%20informarme\">\ud83d\udcf1 TOQUE AQU\u00cd PARA WHATSAPP \u00bb<\/a><\/pre>\n<p>&nbsp;<\/p>\n","protected":false},"excerpt":{"rendered":"<p>Funeraria de Galicia ofrece servicios funerarios completos para particulares y compa\u00f1\u00edas aseguradoras tambi\u00e9n en Riotorto (Lugo). Realizamos todo tipo de servicios y tr\u00e1mites funerarios: entierros, incineraciones, exhumaciones, viudedad, \u00faltimas voluntades, limpieza de nichos, ofrendas florales, traslados nacionales e internacionales, seguros de decesos, esquelas, aniversarios\u2026 En Funeraria de Galicia la familia decide lo que quiere gastar\u00a0en [&hellip;]<\/p>\n","protected":false},"author":1,"featured_media":504,"parent":95,"menu_order":0,"comment_status":"closed","ping_status":"closed","template":"","meta":{"footnotes":""},"class_list":["post-503","page","type-page","status-publish","has-post-thumbnail","hentry"],"_links":{"self":[{"href":"https:\/\/funerariadegalicia.com\/defunciones\/wp-json\/wp\/v2\/pages\/503","targetHints":{"allow":["GET"]}}],"collection":[{"href":"https:\/\/funerariadegalicia.com\/defunciones\/wp-json\/wp\/v2\/pages"}],"about":[{"href":"https:\/\/funerariadegalicia.com\/defunciones\/wp-json\/wp\/v2\/types\/page"}],"author":[{"embeddable":true,"href":"https:\/\/funerariadegalicia.com\/defunciones\/wp-json\/wp\/v2\/users\/1"}],"replies":[{"embeddable":true,"href":"https:\/\/funerariadegalicia.com\/defunciones\/wp-json\/wp\/v2\/comments?post=503"}],"version-history":[{"count":3,"href":"https:\/\/funerariadegalicia.com\/defunciones\/wp-json\/wp\/v2\/pages\/503\/revisions"}],"predecessor-version":[{"id":1145,"href":"https:\/\/funerariadegalicia.com\/defunciones\/wp-json\/wp\/v2\/pages\/503\/revisions\/1145"}],"up":[{"embeddable":true,"href":"https:\/\/funerariadegalicia.com\/defunciones\/wp-json\/wp\/v2\/pages\/95"}],"wp:featuredmedia":[{"embeddable":true,"href":"https:\/\/funerariadegalicia.com\/defunciones\/wp-json\/wp\/v2\/media\/504"}],"wp:attachment":[{"href":"https:\/\/funerariadegalicia.com\/defunciones\/wp-json\/wp\/v2\/media?parent=503"}],"curies":[{"name":"wp","href":"https:\/\/api.w.org\/{rel}","templated":true}]}}