{"id":438,"date":"2024-01-20T15:50:07","date_gmt":"2024-01-20T15:50:07","guid":{"rendered":"https:\/\/funerariadegalicia.com\/defunciones\/?page_id=438"},"modified":"2025-05-28T23:29:44","modified_gmt":"2025-05-28T23:29:44","slug":"servicios-funerarios-en-lugo","status":"publish","type":"page","link":"https:\/\/funerariadegalicia.com\/defunciones\/funerarias\/lugo\/servicios-funerarios-en-lugo\/","title":{"rendered":"\u271d\ufe0f Servicios funerarios en Lugo \u21e8 Lugo"},"content":{"rendered":"\n\n<div class=\"kk-star-ratings kksr-auto kksr-align-left kksr-valign-top\"\n    data-payload='{&quot;align&quot;:&quot;left&quot;,&quot;id&quot;:&quot;438&quot;,&quot;slug&quot;:&quot;default&quot;,&quot;valign&quot;:&quot;top&quot;,&quot;ignore&quot;:&quot;&quot;,&quot;reference&quot;:&quot;auto&quot;,&quot;class&quot;:&quot;&quot;,&quot;count&quot;:&quot;18&quot;,&quot;legendonly&quot;:&quot;&quot;,&quot;readonly&quot;:&quot;&quot;,&quot;score&quot;:&quot;5&quot;,&quot;starsonly&quot;:&quot;&quot;,&quot;best&quot;:&quot;5&quot;,&quot;gap&quot;:&quot;5&quot;,&quot;greet&quot;:&quot;Valorar&quot;,&quot;legend&quot;:&quot;5\\\/5 - (18 votos)&quot;,&quot;size&quot;:&quot;24&quot;,&quot;title&quot;:&quot;\u271d\ufe0f Servicios funerarios en Lugo \u21e8 Lugo&quot;,&quot;width&quot;:&quot;142.5&quot;,&quot;_legend&quot;:&quot;{score}\\\/{best} - ({count} {votes})&quot;,&quot;font_factor&quot;:&quot;1.25&quot;}'>\n            \n<div class=\"kksr-stars\">\n    \n<div class=\"kksr-stars-inactive\">\n            <div class=\"kksr-star\" data-star=\"1\" style=\"padding-right: 5px\">\n            \n\n<div class=\"kksr-icon\" style=\"width: 24px; height: 24px;\"><\/div>\n        <\/div>\n            <div class=\"kksr-star\" data-star=\"2\" style=\"padding-right: 5px\">\n            \n\n<div class=\"kksr-icon\" style=\"width: 24px; height: 24px;\"><\/div>\n        <\/div>\n            <div class=\"kksr-star\" data-star=\"3\" style=\"padding-right: 5px\">\n            \n\n<div class=\"kksr-icon\" style=\"width: 24px; height: 24px;\"><\/div>\n        <\/div>\n            <div class=\"kksr-star\" data-star=\"4\" style=\"padding-right: 5px\">\n            \n\n<div class=\"kksr-icon\" style=\"width: 24px; height: 24px;\"><\/div>\n        <\/div>\n            <div class=\"kksr-star\" data-star=\"5\" style=\"padding-right: 5px\">\n            \n\n<div class=\"kksr-icon\" style=\"width: 24px; height: 24px;\"><\/div>\n        <\/div>\n    <\/div>\n    \n<div class=\"kksr-stars-active\" style=\"width: 142.5px;\">\n            <div class=\"kksr-star\" style=\"padding-right: 5px\">\n            \n\n<div class=\"kksr-icon\" style=\"width: 24px; height: 24px;\"><\/div>\n        <\/div>\n            <div class=\"kksr-star\" style=\"padding-right: 5px\">\n            \n\n<div class=\"kksr-icon\" style=\"width: 24px; height: 24px;\"><\/div>\n        <\/div>\n            <div class=\"kksr-star\" style=\"padding-right: 5px\">\n            \n\n<div class=\"kksr-icon\" style=\"width: 24px; height: 24px;\"><\/div>\n        <\/div>\n            <div class=\"kksr-star\" style=\"padding-right: 5px\">\n            \n\n<div class=\"kksr-icon\" style=\"width: 24px; height: 24px;\"><\/div>\n        <\/div>\n            <div class=\"kksr-star\" style=\"padding-right: 5px\">\n            \n\n<div class=\"kksr-icon\" style=\"width: 24px; height: 24px;\"><\/div>\n        <\/div>\n    <\/div>\n<\/div>\n                \n\n<div class=\"kksr-legend\" style=\"font-size: 19.2px;\">\n            5\/5 - (18 votos)    <\/div>\n    <\/div>\n<p><strong>Funeraria de Galicia<\/strong>\u00a0ofrece servicios funerarios completos para particulares y compa\u00f1\u00edas aseguradoras tambi\u00e9n en <b>Lugo capital<\/b>.<\/p>\n<p>Realizamos todo tipo de servicios y tr\u00e1mites funerarios: entierros, incineraciones, exhumaciones, viudedad, \u00faltimas voluntades, limpieza de nichos, ofrendas florales, traslados nacionales e internacionales, seguros de decesos, esquelas, aniversarios\u2026<\/p>\n<p><strong>En Funeraria de Galicia la familia decide lo que quiere gastar<\/strong>\u00a0en el sepelio. Con un servicio a medida evitamos gastos innecesarios y garantizamos la satisfacci\u00f3n del servicio.<\/p>\n<h2>\u2705\u00a0SERVICIOS:<\/h2>\n<p>Servicio funerario 24\/7<\/p>\n<p>Inhumaciones, Incineraciones, Exhumaciones.<\/p>\n<p>Cremaci\u00f3n Directa<\/p>\n<p>Entierro Directo<\/p>\n<p>Arcas, f\u00e9retros y urnas.<\/p>\n<p>Tanatoest\u00e9tica.<\/p>\n<p>Publicaci\u00f3n de Esquelas.<\/p>\n<p>Placas y accesorios para sepulturas.<\/p>\n<p>Florister\u00eda.<\/p>\n<p>Tr\u00e1mites administrativos.<\/p>\n<p><strong>\ud83e\udd35\u00a0Funeraria de Galicia<\/strong>\u00a0\u226b Servicio 24 horas.\u00a0\u260e\u00a0<strong>644 633 123<\/strong><\/p>\n<h2>\ud83d\udcb3 \u00bfCu\u00e1nto cuesta un entierro en Lugo?<\/h2>\n<p><strong>El costo de un sepelio puede variar significativamente<\/strong> seg\u00fan los servicios y productos funerarios que elija. <strong>Un servicio funerario completo b\u00e1sico puede tener un precio por debajo de 1.900\u20ac<\/strong>, aunque puede personalizarlo con servicios y productos adicionales seg\u00fan sus necesidades y preferencias, lo que podr\u00eda llevar el costo a un nivel superior.<\/p>\n<p>Si\u00e9ntase libre de pedir un <strong>presupuesto sin compromiso<\/strong>, sepa lo que le costar\u00eda un servicio con Funeraria de Galicia en Lugo.<\/p>\n<p><strong><a class=\"blogus-categories category-color-1\" href=\"https:\/\/funerariadegalicia.com\/#presupuesto\">Solicitar Presupuesto Ahora \u00bb<\/a><\/strong><\/p>\n<p>Un agente funerario especializado atender\u00e1 su consulta en la mayor brevedad posible y le asesorar\u00e1, guiar\u00e1 y ayudar\u00e1 en aquello que usted precise del agente.<\/p>\n<h2><em>Entierro directo:\u00a01.200 \u20ac + IVA<\/em><\/h2>\n<p><iframe loading=\"lazy\" class=\"wp-embedded-content\" title=\"\u00ab\u26b0\ufe0f Entierro directo\u00bb \u2014 \ud83e\udd35 Funeraria de Galicia\" src=\"https:\/\/funerariadegalicia.com\/defunciones\/servicios\/entierros-directos\/embed\/#?secret=oz8jXc9doE#?secret=D6vXn3DdHr\" width=\"600\" height=\"200\" frameborder=\"0\" marginwidth=\"0\" marginheight=\"0\" scrolling=\"no\" sandbox=\"allow-scripts\" data-secret=\"D6vXn3DdHr\" data-mce-fragment=\"1\"><\/iframe><\/p>\n<h2><em>Cremaci\u00f3n directa:\u00a01.400\u20ac + IVA<\/em><\/h2>\n<p><iframe loading=\"lazy\" class=\"wp-embedded-content\" title=\"\u00ab\ud83d\udd25 Cremaci\u00f3n directa\u00bb \u2014 \ud83e\udd35 Funeraria de Galicia\" src=\"https:\/\/funerariadegalicia.com\/defunciones\/servicios\/cremacion-directa\/embed\/#?secret=FID5nGCS75#?secret=ZS0zACw0Fe\" width=\"600\" height=\"200\" frameborder=\"0\" marginwidth=\"0\" marginheight=\"0\" scrolling=\"no\" sandbox=\"allow-scripts\" data-secret=\"ZS0zACw0Fe\" data-mce-fragment=\"1\"><\/iframe><\/p>\n<p>\ud83c\udfe2\u00a0<strong>\u00bfDesea Contratar tanatorio y realizar velatorios?<\/strong><\/p>\n<h3><em>Entierro tradicional con tanatorio:\u00a0desde 2.000\u20ac + IVA<\/em><\/h3>\n<p>En Funeraria de Galicia, le ofrecemos acceso a una <strong>amplia red de tanatorios y funerarias<\/strong> en las distintas localidades de Lugo. Cont\u00e1ctenos para beneficiarse de <strong>descuentos y bonificaciones especiales<\/strong> al gestionar los servicios con nosotros.<\/p>\n<h3><strong>\ud83c\udfdb\ufe0f Tanatorios en Lugo:<\/strong><\/h3>\n<p>En la capital Lucense existen varios tanatorios entre los que puede elegir seg\u00fan su ubicaci\u00f3n o comodidades.<\/p>\n<blockquote class=\"wp-embedded-content\" data-secret=\"UdkPaKzrLJ\"><p><a href=\"https:\/\/funerariadegalicia.com\/defunciones\/tanatorios-en-galicia\/lugo\/tanatorio-en-lugo-capital\/\">Tanatorio en Lugo Capital<\/a><\/p><\/blockquote>\n<p><iframe loading=\"lazy\" class=\"wp-embedded-content\" sandbox=\"allow-scripts\" security=\"restricted\" style=\"position: absolute; visibility: hidden;\" title=\"\u00abTanatorio en Lugo Capital\u00bb \u2014 \ud83e\udd35 Funeraria de Galicia\" src=\"https:\/\/funerariadegalicia.com\/defunciones\/tanatorios-en-galicia\/lugo\/tanatorio-en-lugo-capital\/embed\/#?secret=S0oAijM9kU#?secret=UdkPaKzrLJ\" data-secret=\"UdkPaKzrLJ\" width=\"600\" height=\"338\" frameborder=\"0\" marginwidth=\"0\" marginheight=\"0\" scrolling=\"no\"><\/iframe><\/p>\n<p>El respeto es clave en los momentos de duelo. Por ello, al preparar un sepelio, es importante <strong>priorizar las voluntades conocidas de la persona fallecida<\/strong>, en armon\u00eda con sus seres queridos, por encima de las tradiciones.<\/p>\n<div class=\"section-title text-center position-relative pb-3 mb-5 mx-auto\">\n<h2 class=\"fw-bold text-primary text-uppercase\">\ud83d\ude4c SEGUROS DE VIDA O DECESOS<\/h2>\n<h4>Aceptamos todas las compa\u00f1\u00edas que se comercializan en Espa\u00f1a y nos adaptamos a las condiciones de su p\u00f3liza para que le cubra el sepelio.<\/h4>\n<p><strong>\u270bEn caso de fallecimiento ll\u00e1menos directamente<\/strong>, nosotros nos ocupamos de dar parte a la compa\u00f1\u00eda y realizar todos los tr\u00e1mites que se soliciten. Y recuerde: La cantidad sobrante es para la familia, nosotros lo tramitamos.<\/p>\n<p>Tenemos adem\u00e1s convenios especiales con las principales aseguradoras del pa\u00eds lo que le dar\u00e1 una mayor flexibilidad y garant\u00eda de satisfacci\u00f3n con su compa\u00f1\u00eda aseguradora.<\/p>\n<\/div>\n<div class=\"container py-5 mb-5\">\n<div class=\"bg-white\">\n<div class=\"owl-carousel vendor-carousel owl-loaded owl-drag\">\n<div class=\"owl-stage-outer\">\n<div class=\"owl-stage\">\n<div class=\"owl-item cloned\"><img decoding=\"async\" src=\"https:\/\/funerariadegalicia.com\/img\/caser.jpg\" alt=\"Caser seguros\" \/><img decoding=\"async\" src=\"https:\/\/funerariadegalicia.com\/img\/fe-seguros.jpg\" alt=\"FE seguros\" \/><img decoding=\"async\" src=\"https:\/\/funerariadegalicia.com\/img\/santa-lucia.jpg\" alt=\"Santa Lucia\" \/><img decoding=\"async\" src=\"https:\/\/funerariadegalicia.com\/img\/dkv.jpg\" alt=\"DKV\" \/><img decoding=\"async\" src=\"https:\/\/funerariadegalicia.com\/img\/mapfre.jpg\" alt=\"Mapfre\" \/><img decoding=\"async\" src=\"https:\/\/funerariadegalicia.com\/img\/ocaso.jpg\" alt=\"Ocaso\" \/><img decoding=\"async\" src=\"https:\/\/funerariadegalicia.com\/img\/fiatc.jpg\" alt=\"FiatC\" \/><img decoding=\"async\" src=\"https:\/\/funerariadegalicia.com\/img\/adeslas.jpg\" alt=\"Adeslas\" \/><img decoding=\"async\" src=\"https:\/\/funerariadegalicia.com\/img\/helvetia.jpg\" alt=\"Helvetia\" \/><\/div>\n<div>\n<p><strong>\u270bEn caso de fallecimiento cont\u00e1ctenos inmediatamente<\/strong>, prestamos servicio\u00a0<strong>24 horas<\/strong>\u00a0tambi\u00e9n en\u00a0<b>Lugo.<\/b><\/p>\n<blockquote><p><strong>\u271e\u00a0\ud83e\udd35\u00a0Funeraria de Galicia<\/strong>\u00a0\u226b Servicio 24 horas.<br \/>\n\ud83d\udcf1644 633 123<\/p><\/blockquote>\n<\/div>\n<\/div>\n<\/div>\n<\/div>\n<\/div>\n<\/div>\n<h2>\ud83d\udcf2\u00a0Tambi\u00e9n por WhatsApp<\/h2>\n<p><strong>Ahora a\u00fan m\u00e1s r\u00e1pido! Puede contactarnos por WhatsApp<\/strong> si lo prefiere, para ello tan solo <strong>pulse el siguiente enlace<\/strong> y se abrir\u00e1 una sala de chat directa con nosotros, as\u00ed podremos darle una atenci\u00f3n m\u00e1s directa y aprovechando las ventajas de las nuevas tecnolog\u00edas para el env\u00edo de documentos, presupuestos, fotos, etc\u2026:<\/p>\n<h1><a href=\"https:\/\/api.whatsapp.com\/send?phone=34644633123&amp;text=Hola%20deseo%20informarme\"><img loading=\"lazy\" decoding=\"async\" class=\"alignnone wp-image-124\" src=\"https:\/\/funerariadegalicia.com\/defunciones\/wp-content\/uploads\/2023\/10\/wharsapp-icono.gif\" alt=\"whatsapp icono\" width=\"35\" height=\"34\" \/>\u00a0<strong>Enviar WhatsApp \u00bb<\/strong><\/a><\/h1>\n<p>Le enviaremos el presupuesto detallado y vinculante a su medida por Whatsapp o por correo electr\u00f3nico y si lo permite, un agente funerario contactar\u00e1 con usted para darle un mejor asesoramiento.<\/p>\n<pre><a href=\"tel:644.633.123\">\u260e TOQUE AQUI PARA LLAMAR \u00bb<\/a><\/pre>\n<pre><a href=\"https:\/\/api.whatsapp.com\/send?phone=34644633123&amp;text=Hola%20deseo%20informarme\">\ud83d\udcf1 TOQUE AQU\u00cd PARA WHATSAPP \u00bb<\/a><\/pre>\n<p>&nbsp;<\/p>\n","protected":false},"excerpt":{"rendered":"<p>Funeraria de Galicia\u00a0ofrece servicios funerarios completos para particulares y compa\u00f1\u00edas aseguradoras tambi\u00e9n en Lugo capital. Realizamos todo tipo de servicios y tr\u00e1mites funerarios: entierros, incineraciones, exhumaciones, viudedad, \u00faltimas voluntades, limpieza de nichos, ofrendas florales, traslados nacionales e internacionales, seguros de decesos, esquelas, aniversarios\u2026 En Funeraria de Galicia la familia decide lo que quiere gastar\u00a0en el [&hellip;]<\/p>\n","protected":false},"author":1,"featured_media":439,"parent":95,"menu_order":0,"comment_status":"closed","ping_status":"closed","template":"","meta":{"footnotes":""},"class_list":["post-438","page","type-page","status-publish","has-post-thumbnail","hentry"],"_links":{"self":[{"href":"https:\/\/funerariadegalicia.com\/defunciones\/wp-json\/wp\/v2\/pages\/438","targetHints":{"allow":["GET"]}}],"collection":[{"href":"https:\/\/funerariadegalicia.com\/defunciones\/wp-json\/wp\/v2\/pages"}],"about":[{"href":"https:\/\/funerariadegalicia.com\/defunciones\/wp-json\/wp\/v2\/types\/page"}],"author":[{"embeddable":true,"href":"https:\/\/funerariadegalicia.com\/defunciones\/wp-json\/wp\/v2\/users\/1"}],"replies":[{"embeddable":true,"href":"https:\/\/funerariadegalicia.com\/defunciones\/wp-json\/wp\/v2\/comments?post=438"}],"version-history":[{"count":13,"href":"https:\/\/funerariadegalicia.com\/defunciones\/wp-json\/wp\/v2\/pages\/438\/revisions"}],"predecessor-version":[{"id":1238,"href":"https:\/\/funerariadegalicia.com\/defunciones\/wp-json\/wp\/v2\/pages\/438\/revisions\/1238"}],"up":[{"embeddable":true,"href":"https:\/\/funerariadegalicia.com\/defunciones\/wp-json\/wp\/v2\/pages\/95"}],"wp:featuredmedia":[{"embeddable":true,"href":"https:\/\/funerariadegalicia.com\/defunciones\/wp-json\/wp\/v2\/media\/439"}],"wp:attachment":[{"href":"https:\/\/funerariadegalicia.com\/defunciones\/wp-json\/wp\/v2\/media?parent=438"}],"curies":[{"name":"wp","href":"https:\/\/api.w.org\/{rel}","templated":true}]}}