{"id":1273,"date":"2025-06-09T00:59:23","date_gmt":"2025-06-09T00:59:23","guid":{"rendered":"https:\/\/funerariadegalicia.com\/defunciones\/?page_id=1273"},"modified":"2025-06-09T01:05:10","modified_gmt":"2025-06-09T01:05:10","slug":"servicios-funerarios-en-outeiro-de-rei-lugo","status":"publish","type":"page","link":"https:\/\/funerariadegalicia.com\/defunciones\/funerarias\/lugo\/servicios-funerarios-en-outeiro-de-rei-lugo\/","title":{"rendered":"\u271d\ufe0f Servicios funerarios en Outeiro de Rei \u21e8 Lugo"},"content":{"rendered":"\n\n<div class=\"kk-star-ratings kksr-auto kksr-align-left kksr-valign-top\"\n    data-payload='{&quot;align&quot;:&quot;left&quot;,&quot;id&quot;:&quot;1273&quot;,&quot;slug&quot;:&quot;default&quot;,&quot;valign&quot;:&quot;top&quot;,&quot;ignore&quot;:&quot;&quot;,&quot;reference&quot;:&quot;auto&quot;,&quot;class&quot;:&quot;&quot;,&quot;count&quot;:&quot;2&quot;,&quot;legendonly&quot;:&quot;&quot;,&quot;readonly&quot;:&quot;&quot;,&quot;score&quot;:&quot;5&quot;,&quot;starsonly&quot;:&quot;&quot;,&quot;best&quot;:&quot;5&quot;,&quot;gap&quot;:&quot;5&quot;,&quot;greet&quot;:&quot;Valorar&quot;,&quot;legend&quot;:&quot;5\\\/5 - (2 votos)&quot;,&quot;size&quot;:&quot;24&quot;,&quot;title&quot;:&quot;\u271d\ufe0f Servicios funerarios en Outeiro de Rei \u21e8 Lugo&quot;,&quot;width&quot;:&quot;142.5&quot;,&quot;_legend&quot;:&quot;{score}\\\/{best} - ({count} {votes})&quot;,&quot;font_factor&quot;:&quot;1.25&quot;}'>\n            \n<div class=\"kksr-stars\">\n    \n<div class=\"kksr-stars-inactive\">\n            <div class=\"kksr-star\" data-star=\"1\" style=\"padding-right: 5px\">\n            \n\n<div class=\"kksr-icon\" style=\"width: 24px; height: 24px;\"><\/div>\n        <\/div>\n            <div class=\"kksr-star\" data-star=\"2\" style=\"padding-right: 5px\">\n            \n\n<div class=\"kksr-icon\" style=\"width: 24px; height: 24px;\"><\/div>\n        <\/div>\n            <div class=\"kksr-star\" data-star=\"3\" style=\"padding-right: 5px\">\n            \n\n<div class=\"kksr-icon\" style=\"width: 24px; height: 24px;\"><\/div>\n        <\/div>\n            <div class=\"kksr-star\" data-star=\"4\" style=\"padding-right: 5px\">\n            \n\n<div class=\"kksr-icon\" style=\"width: 24px; height: 24px;\"><\/div>\n        <\/div>\n            <div class=\"kksr-star\" data-star=\"5\" style=\"padding-right: 5px\">\n            \n\n<div class=\"kksr-icon\" style=\"width: 24px; height: 24px;\"><\/div>\n        <\/div>\n    <\/div>\n    \n<div class=\"kksr-stars-active\" style=\"width: 142.5px;\">\n            <div class=\"kksr-star\" style=\"padding-right: 5px\">\n            \n\n<div class=\"kksr-icon\" style=\"width: 24px; height: 24px;\"><\/div>\n        <\/div>\n            <div class=\"kksr-star\" style=\"padding-right: 5px\">\n            \n\n<div class=\"kksr-icon\" style=\"width: 24px; height: 24px;\"><\/div>\n        <\/div>\n            <div class=\"kksr-star\" style=\"padding-right: 5px\">\n            \n\n<div class=\"kksr-icon\" style=\"width: 24px; height: 24px;\"><\/div>\n        <\/div>\n            <div class=\"kksr-star\" style=\"padding-right: 5px\">\n            \n\n<div class=\"kksr-icon\" style=\"width: 24px; height: 24px;\"><\/div>\n        <\/div>\n            <div class=\"kksr-star\" style=\"padding-right: 5px\">\n            \n\n<div class=\"kksr-icon\" style=\"width: 24px; height: 24px;\"><\/div>\n        <\/div>\n    <\/div>\n<\/div>\n                \n\n<div class=\"kksr-legend\" style=\"font-size: 19.2px;\">\n            5\/5 - (2 votos)    <\/div>\n    <\/div>\n<p data-start=\"88\" data-end=\"237\"><strong data-start=\"88\" data-end=\"112\">Funeraria de Galicia<\/strong> ofrece servicios funerarios completos tanto para particulares como para compa\u00f1\u00edas aseguradoras tambi\u00e9n en <strong data-start=\"211\" data-end=\"236\">Outeiro de Rei (Lugo)<\/strong>.<\/p>\n<p data-start=\"239\" data-end=\"666\">Ponemos a su disposici\u00f3n una <strong data-start=\"268\" data-end=\"289\">atenci\u00f3n integral<\/strong>, encarg\u00e1ndonos de todos los aspectos necesarios en estos momentos tan delicados: entierros, cremaciones, exhumaciones, gesti\u00f3n de tr\u00e1mites (como pensiones de viudedad y certificados de \u00faltimas voluntades), limpieza y mantenimiento de nichos, arreglos florales, traslados nacionales e internacionales, seguros de decesos, publicaci\u00f3n de esquelas y organizaci\u00f3n de aniversarios.<\/p>\n<p data-start=\"668\" data-end=\"984\">Cada familia es diferente, y en <strong data-start=\"700\" data-end=\"724\">Funeraria de Galicia<\/strong> lo entendemos. Por eso, ofrecemos <strong data-start=\"759\" data-end=\"802\">presupuestos flexibles y personalizados<\/strong>, adaptados a sus necesidades reales. Optimizamos los recursos para evitar gastos innecesarios, garantizando as\u00ed <strong data-start=\"915\" data-end=\"967\">tranquilidad, confianza y un servicio respetuoso<\/strong> en todo momento.<\/p>\n<h2>\u2705\u00a0SERVICIOS:<\/h2>\n<p>Servicio funerario 24\/7<\/p>\n<p>Entierros, Incineraciones, Exhumaciones.<\/p>\n<p>Entierro Directo<\/p>\n<p><a href=\"https:\/\/funerariadegalicia.com\/defunciones\/servicios\/cremacion-directa\/\">Cremaci\u00f3n Directa<\/a><\/p>\n<p>Arcas, f\u00e9retros y urnas.<\/p>\n<p>Tanatoest\u00e9tica.<\/p>\n<p>Publicaci\u00f3n de Esquelas.<\/p>\n<p>Placas y accesorios para sepulturas.<\/p>\n<p>Florister\u00eda.<\/p>\n<p>Tr\u00e1mites administrativos (Licencias, viudedad, \u00faltimas voluntades\u2026).<\/p>\n<p><strong>\ud83e\udd35\u00a0Funeraria de Galicia<\/strong>\u00a0\u226b Servicio 24 horas.\u00a0\u260e\u00a0<strong>644 633 123<\/strong><\/p>\n<h2>\ud83d\ude4f Costumbres de la zona de Outeiro de Rei<\/h2>\n<p>Outeiro de Rei, compuesto por las parroquias Aguiar (San Clodio), Aguiar (San Lourenzo), Arcos (San Pedro), Aspai (San Cibrao), Bonxe (San Mamede), Caboi (San Marti\u00f1o), Candai (San Vicente), Castelo de Rei (San Salvador), Cela (Santa Mar\u00eda), Folgueira (San Nicol\u00e1s), Francos (Santiago), Gaioso (Santiago), Gaioso (Santo Tom\u00e9), Guillar (San Marti\u00f1o), Martul (San Pedro), Matela (Santa M\u00aa Madalena), Mosteiro (San Salvador), Outeiro de Rei (San Xo\u00e1n), Parada (San Xo\u00e1n), Robra (San Pedro Fiz), San Fiz de Paz (San Pedro Fiz), Santa Mari\u00f1a (Santa Mar\u00eda), Silvarrei (San Xo\u00e1n), Sobrada de Aguiar (Sta. M\u00aa Madanela), Taboi (San Pedro), Vicinte (Santa Mar\u00eda), Vilela (Santiago) es una zona de costumbres y tradiciones\u00a0<strong>cat\u00f3lico \u2013 cristianas<\/strong>.<\/p>\n<p data-start=\"90\" data-end=\"373\">Tradicionalmente, el cuerpo es velado en la casa mortuoria o en el tanatorio. Al finalizar el velatorio, se traslada a la iglesia acompa\u00f1ado por cuatro porteadores, donde se celebra la misa funeral. A continuaci\u00f3n, se procede a la <strong data-start=\"321\" data-end=\"372\">cristiana sepultura en el cementerio parroquial<\/strong>.<\/p>\n<p data-start=\"375\" data-end=\"723\">\ud83d\udec8 El entierro debe realizarse conforme a los deseos que la familia considera que habr\u00eda tenido la persona fallecida, m\u00e1s all\u00e1 de las costumbres locales. En <strong data-start=\"532\" data-end=\"556\">Funeraria de Galicia<\/strong>, le acompa\u00f1amos en cada etapa del proceso, garantizando un <strong data-start=\"616\" data-end=\"679\">servicio completo, personalizado y profundamente respetuoso<\/strong> con su voluntad y la de sus seres queridos.<\/p>\n<p data-sourcepos=\"13:1-13:73\"><strong>\ud83d\udcc8 En tendencia: Cremaci\u00f3n Directa<\/strong><\/p>\n<p class=\"\" data-start=\"1338\" data-end=\"1521\">Sabemos que no todas las familias desean seguir el protocolo tradicional completo. Por eso, en\u00a0<strong data-start=\"1433\" data-end=\"1457\">Funeraria de Galicia<\/strong>\u00a0ofrecemos opciones m\u00e1s sencillas y econ\u00f3micas, igual de dignas:<\/p>\n<p data-start=\"1338\" data-end=\"1521\">\u2705\u00a0<strong data-start=\"1713\" data-end=\"1734\">Cremaci\u00f3n directa<\/strong>:<br data-start=\"1735\" data-end=\"1738\" \/>La cremaci\u00f3n directa es un servicio funerario sencillo y econ\u00f3mico que consiste en <strong>la incineraci\u00f3n del cuerpo sin realizar velatorio, ceremonia ni embalsamamiento previo<\/strong>. Se lleva a cabo poco tiempo despu\u00e9s del fallecimiento y suele incluir solo los tr\u00e1mites legales b\u00e1sicos, el ata\u00fad, la urna, el transporte al crematorio y la entrega de las cenizas a la familia. Es una opci\u00f3n pr\u00e1ctica para quienes desean una despedida \u00edntima o planean un homenaje posterior en otro momento.<\/p>\n<p data-start=\"1338\" data-end=\"1521\"><strong data-start=\"70\" data-end=\"91\">Entierro directo:<\/strong><br data-start=\"91\" data-end=\"94\" \/>Si se desea una despedida igual de \u00edntima pero sin recurrir a la cremaci\u00f3n, el entierro directo es una excelente opci\u00f3n. El cuerpo se traslada directamente al cementerio, sin velatorio ni ceremonia previa. Es una alternativa sencilla, discreta y sin complicaciones, pensada para quienes buscan un adi\u00f3s sereno y personal.<\/p>\n<p data-sourcepos=\"20:1-20:36\"><strong>Su elecci\u00f3n es nuestra prioridad<\/strong><\/p>\n<p data-start=\"88\" data-end=\"347\">Independientemente de la opci\u00f3n elegida \u2014ya sea un servicio tradicional, entierro directo o cremaci\u00f3n directa\u2014, en <strong data-start=\"203\" data-end=\"227\">Funeraria de Galicia<\/strong> nos encargamos de <strong data-start=\"246\" data-end=\"291\">todos los tr\u00e1mites y gestiones necesarias<\/strong>, para que la familia no tenga que preocuparse por nada.<\/p>\n<p data-start=\"349\" data-end=\"672\">Nos comprometemos a <strong data-start=\"369\" data-end=\"412\">respetar y cumplir fielmente los deseos<\/strong> tanto del fallecido como de sus seres queridos, cuidando cada detalle con sensibilidad y profesionalidad. Nuestro objetivo es ofrecerle <strong data-start=\"549\" data-end=\"622\">tranquilidad, acompa\u00f1amiento y un servicio ajustado a sus necesidades<\/strong>, en uno de los momentos m\u00e1s delicados de la vida.<\/p>\n<div class=\"container py-5 mb-5\">\n<div class=\"bg-white\">\n<div class=\"owl-carousel vendor-carousel owl-loaded owl-drag\">\n<div class=\"owl-stage-outer\">\n<div class=\"owl-stage\">\n<blockquote><p><strong>\u271e\u00a0\ud83e\udd35\u00a0Funeraria de Galicia<\/strong>\u00a0\u226b Servicio 24 horas.<\/p>\n<h3 class=\"LC20lb MBeuO DKV0Md\">\ud83d\udcf1644 633 123<\/h3>\n<\/blockquote>\n<\/div>\n<\/div>\n<\/div>\n<\/div>\n<\/div>\n<h2>\ud83d\udcb3 \u00bfCu\u00e1nto cuesta un entierro en Outeiro de Rei?<\/h2>\n<p><strong>El costo de un sepelio puede variar considerablemente<\/strong>\u00a0seg\u00fan los servicios y productos funerarios que se elijan. Un\u00a0<strong>servicio funerario b\u00e1sico puede tener un precio inferior a 1.700\u20ac<\/strong>. Sin embargo, puede personalizarlo con servicios adicionales como arreglos florales, avisos en radio y prensa, entre otros, seg\u00fan sus necesidades y preferencias, lo que har\u00eda aumentar el costo final.<\/p>\n<p>No dude en solicitar un\u00a0<strong>presupuesto sin compromiso<\/strong> para conocer el costo detallado de un servicio con Funeraria de Galicia en Outeiro de Rei (LUGO).<\/p>\n<p><strong><a class=\"blogus-categories category-color-1\" href=\"https:\/\/funerariadegalicia.com\/#presupuesto\">Solicitar Presupuesto Ahora \u00bb<\/a><\/strong><\/p>\n<p>Un agente funerario especializado atender\u00e1 su consulta en la mayor brevedad posible y le asesorar\u00e1, guiar\u00e1 y ayudar\u00e1 en aquello que usted precise del agente.<\/p>\n<div class=\"section-title text-center position-relative pb-3 mb-5 mx-auto\">\n<h2 class=\"fw-bold text-primary text-uppercase\">\ud83d\ude4c\u00a0SEGUROS DE VIDA O DECESOS<\/h2>\n<h4>Aceptamos todas las compa\u00f1\u00edas que se comercializan en Espa\u00f1a y nos adaptamos a las condiciones de su p\u00f3liza para que le cubra el sepelio.<\/h4>\n<p><strong>\u270b<span style=\"color: #0000ff;\">En caso de fallecimiento ll\u00e1menos<\/span> directamente<\/strong>, nosotros nos ocupamos de dar parte a la compa\u00f1\u00eda y realizar todos los tr\u00e1mites que se soliciten.<\/p>\n<div class=\"container py-5 mb-5\">\n<div class=\"bg-white\">\n<div class=\"owl-carousel vendor-carousel owl-loaded owl-drag\">\n<div class=\"owl-stage-outer\">\n<div class=\"owl-stage\">\n<div>\n<blockquote><p><strong>\u271e\u00a0\ud83e\udd35\u00a0Funeraria de Galicia<\/strong>\u00a0\u226b Servicio 24 horas.<br \/>\n\ud83d\udcf1644 633 123<\/p><\/blockquote>\n<\/div>\n<\/div>\n<\/div>\n<\/div>\n<\/div>\n<\/div>\n<p>Tenemos adem\u00e1s convenios especiales con las principales aseguradoras del pa\u00eds lo que le dar\u00e1 una mayor flexibilidad y garant\u00eda de satisfacci\u00f3n con su compa\u00f1\u00eda aseguradora.<\/p>\n<\/div>\n<div class=\"container py-5 mb-5\">\n<div class=\"bg-white\">\n<div class=\"owl-carousel vendor-carousel owl-loaded owl-drag\">\n<div class=\"owl-stage-outer\">\n<div class=\"owl-stage\">\n<div class=\"owl-item cloned\"><img decoding=\"async\" src=\"https:\/\/funerariadegalicia.com\/img\/caser.jpg\" alt=\"Caser seguros\" \/><img decoding=\"async\" src=\"https:\/\/funerariadegalicia.com\/img\/fe-seguros.jpg\" alt=\"FE seguros\" \/><img decoding=\"async\" src=\"https:\/\/funerariadegalicia.com\/img\/santa-lucia.jpg\" alt=\"Santa Lucia\" \/><img decoding=\"async\" src=\"https:\/\/funerariadegalicia.com\/img\/dkv.jpg\" alt=\"DKV\" \/><img decoding=\"async\" src=\"https:\/\/funerariadegalicia.com\/img\/mapfre.jpg\" alt=\"Mapfre\" \/><img decoding=\"async\" src=\"https:\/\/funerariadegalicia.com\/img\/ocaso.jpg\" alt=\"Ocaso\" \/><img decoding=\"async\" src=\"https:\/\/funerariadegalicia.com\/img\/fiatc.jpg\" alt=\"FiatC\" \/><img decoding=\"async\" src=\"https:\/\/funerariadegalicia.com\/img\/adeslas.jpg\" alt=\"Adeslas\" \/><img decoding=\"async\" src=\"https:\/\/funerariadegalicia.com\/img\/helvetia.jpg\" alt=\"Helvetia\" \/><\/div>\n<div>\n<p><strong>\u270bEn caso de fallecimiento cont\u00e1ctenos inmediatamente<\/strong>, prestamos servicio las <strong>24 horas<\/strong>\u00a0tambi\u00e9n en\u00a0<b>Outeiro de Rei.<\/b><\/p>\n<blockquote><p><strong>\u271e\u00a0\ud83e\udd35\u00a0Funeraria de Galicia<\/strong>\u00a0\u226b Servicio 24 horas.<br \/>\n\ud83d\udcf1644 633 123<\/p><\/blockquote>\n<\/div>\n<\/div>\n<\/div>\n<\/div>\n<\/div>\n<\/div>\n<h2>\ud83d\udcf2\u00a0Tambi\u00e9n por WhatsApp<\/h2>\n<p>Puede contactarnos directamente por\u00a0<strong data-start=\"150\" data-end=\"162\">WhatsApp<\/strong>. Solo tiene que pulsar el siguiente enlace y se abrir\u00e1 un chat con nosotros:<\/p>\n<h1><a href=\"https:\/\/api.whatsapp.com\/send?phone=34644633123&amp;text=Hola%20deseo%20informarme\"><img loading=\"lazy\" decoding=\"async\" class=\"alignnone wp-image-124\" src=\"https:\/\/funerariadegalicia.com\/defunciones\/wp-content\/uploads\/2023\/10\/wharsapp-icono.gif\" alt=\"whatsapp icono\" width=\"35\" height=\"34\" \/>\u00a0<strong>Enviar WhatsApp \u00bb<\/strong><\/a><\/h1>\n<p>Si lo desea podemos enviarle un presupuesto detallado y vinculante a su medida por Whatsapp o por correo electr\u00f3nico y, si lo permite, un agente funerario contactar\u00e1 con usted para darle un mejor asesoramiento.<\/p>\n<pre><a href=\"tel:644.633.123\">\u260e TOQUE AQUI PARA LLAMAR \u00bb<\/a><\/pre>\n<pre><a href=\"https:\/\/api.whatsapp.com\/send?phone=34644633123&amp;text=Hola%20deseo%20informarme\">\ud83d\udcf1 TOQUE AQU\u00cd PARA WHATSAPP \u00bb<\/a><\/pre>\n<p>&nbsp;<\/p>\n","protected":false},"excerpt":{"rendered":"<p>Funeraria de Galicia ofrece servicios funerarios completos tanto para particulares como para compa\u00f1\u00edas aseguradoras tambi\u00e9n en Outeiro de Rei (Lugo). Ponemos a su disposici\u00f3n una atenci\u00f3n integral, encarg\u00e1ndonos de todos los aspectos necesarios en estos momentos tan delicados: entierros, cremaciones, exhumaciones, gesti\u00f3n de tr\u00e1mites (como pensiones de viudedad y certificados de \u00faltimas voluntades), limpieza y [&hellip;]<\/p>\n","protected":false},"author":1,"featured_media":1274,"parent":95,"menu_order":0,"comment_status":"closed","ping_status":"closed","template":"","meta":{"footnotes":""},"class_list":["post-1273","page","type-page","status-publish","has-post-thumbnail","hentry"],"_links":{"self":[{"href":"https:\/\/funerariadegalicia.com\/defunciones\/wp-json\/wp\/v2\/pages\/1273","targetHints":{"allow":["GET"]}}],"collection":[{"href":"https:\/\/funerariadegalicia.com\/defunciones\/wp-json\/wp\/v2\/pages"}],"about":[{"href":"https:\/\/funerariadegalicia.com\/defunciones\/wp-json\/wp\/v2\/types\/page"}],"author":[{"embeddable":true,"href":"https:\/\/funerariadegalicia.com\/defunciones\/wp-json\/wp\/v2\/users\/1"}],"replies":[{"embeddable":true,"href":"https:\/\/funerariadegalicia.com\/defunciones\/wp-json\/wp\/v2\/comments?post=1273"}],"version-history":[{"count":4,"href":"https:\/\/funerariadegalicia.com\/defunciones\/wp-json\/wp\/v2\/pages\/1273\/revisions"}],"predecessor-version":[{"id":1278,"href":"https:\/\/funerariadegalicia.com\/defunciones\/wp-json\/wp\/v2\/pages\/1273\/revisions\/1278"}],"up":[{"embeddable":true,"href":"https:\/\/funerariadegalicia.com\/defunciones\/wp-json\/wp\/v2\/pages\/95"}],"wp:featuredmedia":[{"embeddable":true,"href":"https:\/\/funerariadegalicia.com\/defunciones\/wp-json\/wp\/v2\/media\/1274"}],"wp:attachment":[{"href":"https:\/\/funerariadegalicia.com\/defunciones\/wp-json\/wp\/v2\/media?parent=1273"}],"curies":[{"name":"wp","href":"https:\/\/api.w.org\/{rel}","templated":true}]}}