{"id":1189,"date":"2025-05-15T22:08:40","date_gmt":"2025-05-15T22:08:40","guid":{"rendered":"https:\/\/funerariadegalicia.com\/defunciones\/?page_id=1189"},"modified":"2025-05-15T22:18:13","modified_gmt":"2025-05-15T22:18:13","slug":"servicios-funerarios-en-guitiriz-lugo","status":"publish","type":"page","link":"https:\/\/funerariadegalicia.com\/defunciones\/funerarias\/lugo\/servicios-funerarios-en-guitiriz-lugo\/","title":{"rendered":"\u271d\ufe0f Servicios funerarios en Guitiriz \u21e8 Lugo"},"content":{"rendered":"\n\n<div class=\"kk-star-ratings kksr-auto kksr-align-left kksr-valign-top\"\n    data-payload='{&quot;align&quot;:&quot;left&quot;,&quot;id&quot;:&quot;1189&quot;,&quot;slug&quot;:&quot;default&quot;,&quot;valign&quot;:&quot;top&quot;,&quot;ignore&quot;:&quot;&quot;,&quot;reference&quot;:&quot;auto&quot;,&quot;class&quot;:&quot;&quot;,&quot;count&quot;:&quot;5&quot;,&quot;legendonly&quot;:&quot;&quot;,&quot;readonly&quot;:&quot;&quot;,&quot;score&quot;:&quot;5&quot;,&quot;starsonly&quot;:&quot;&quot;,&quot;best&quot;:&quot;5&quot;,&quot;gap&quot;:&quot;5&quot;,&quot;greet&quot;:&quot;Valorar&quot;,&quot;legend&quot;:&quot;5\\\/5 - (5 votos)&quot;,&quot;size&quot;:&quot;24&quot;,&quot;title&quot;:&quot;\u271d\ufe0f Servicios funerarios en Guitiriz \u21e8 Lugo&quot;,&quot;width&quot;:&quot;142.5&quot;,&quot;_legend&quot;:&quot;{score}\\\/{best} - ({count} {votes})&quot;,&quot;font_factor&quot;:&quot;1.25&quot;}'>\n            \n<div class=\"kksr-stars\">\n    \n<div class=\"kksr-stars-inactive\">\n            <div class=\"kksr-star\" data-star=\"1\" style=\"padding-right: 5px\">\n            \n\n<div class=\"kksr-icon\" style=\"width: 24px; height: 24px;\"><\/div>\n        <\/div>\n            <div class=\"kksr-star\" data-star=\"2\" style=\"padding-right: 5px\">\n            \n\n<div class=\"kksr-icon\" style=\"width: 24px; height: 24px;\"><\/div>\n        <\/div>\n            <div class=\"kksr-star\" data-star=\"3\" style=\"padding-right: 5px\">\n            \n\n<div class=\"kksr-icon\" style=\"width: 24px; height: 24px;\"><\/div>\n        <\/div>\n            <div class=\"kksr-star\" data-star=\"4\" style=\"padding-right: 5px\">\n            \n\n<div class=\"kksr-icon\" style=\"width: 24px; height: 24px;\"><\/div>\n        <\/div>\n            <div class=\"kksr-star\" data-star=\"5\" style=\"padding-right: 5px\">\n            \n\n<div class=\"kksr-icon\" style=\"width: 24px; height: 24px;\"><\/div>\n        <\/div>\n    <\/div>\n    \n<div class=\"kksr-stars-active\" style=\"width: 142.5px;\">\n            <div class=\"kksr-star\" style=\"padding-right: 5px\">\n            \n\n<div class=\"kksr-icon\" style=\"width: 24px; height: 24px;\"><\/div>\n        <\/div>\n            <div class=\"kksr-star\" style=\"padding-right: 5px\">\n            \n\n<div class=\"kksr-icon\" style=\"width: 24px; height: 24px;\"><\/div>\n        <\/div>\n            <div class=\"kksr-star\" style=\"padding-right: 5px\">\n            \n\n<div class=\"kksr-icon\" style=\"width: 24px; height: 24px;\"><\/div>\n        <\/div>\n            <div class=\"kksr-star\" style=\"padding-right: 5px\">\n            \n\n<div class=\"kksr-icon\" style=\"width: 24px; height: 24px;\"><\/div>\n        <\/div>\n            <div class=\"kksr-star\" style=\"padding-right: 5px\">\n            \n\n<div class=\"kksr-icon\" style=\"width: 24px; height: 24px;\"><\/div>\n        <\/div>\n    <\/div>\n<\/div>\n                \n\n<div class=\"kksr-legend\" style=\"font-size: 19.2px;\">\n            5\/5 - (5 votos)    <\/div>\n    <\/div>\n<p><strong>Funeraria de Galicia<\/strong> ofrece servicios funerarios completos tanto para particulares como para compa\u00f1\u00edas aseguradoras en <strong>Guitiriz (Lugo)<\/strong>.<\/p>\n<p data-sourcepos=\"5:1-5:464\">En Funeraria de Galicia, ponemos a su disposici\u00f3n una <strong>oferta integral de servicios funerarios<\/strong> para acompa\u00f1arle en cada momento. <strong>Nos encargamos de todo lo necesario<\/strong>, incluyendo: entierros, incineraciones, exhumaciones, gesti\u00f3n de tr\u00e1mites (pensiones de viudedad, \u00faltimas voluntades), limpieza y mantenimiento de nichos, arreglos florales, traslados (nacionales e internacionales), seguros de decesos, publicaci\u00f3n de esquelas y organizaci\u00f3n de aniversarios.<\/p>\n<p data-sourcepos=\"7:1-7:322\">Entendemos que cada familia es \u00fanica. Por ello, <strong>ofrecemos total flexibilidad para adaptar el presupuesto<\/strong> del sepelio a sus necesidades. Nuestro <strong>servicio personalizado<\/strong> nos permite <strong>optimizar los recursos, evitando gastos innecesarios<\/strong> y asegurando su <strong>plena tranquilidad y satisfacci\u00f3n<\/strong> en un momento delicado.<\/p>\n<h2>\u2705\u00a0SERVICIOS:<\/h2>\n<p>Servicio funerario 24\/7<\/p>\n<p>Entierros, Incineraciones, Exhumaciones.<\/p>\n<p>Arcas, f\u00e9retros y urnas.<\/p>\n<p>Tanatoest\u00e9tica.<\/p>\n<p>Publicaci\u00f3n de Esquelas.<\/p>\n<p>Placas y accesorios para sepulturas.<\/p>\n<p>Florister\u00eda.<\/p>\n<p>Tr\u00e1mites administrativos (Licencias, viudedad, \u00faltimas voluntades\u2026).<\/p>\n<p><strong>\ud83e\udd35\u00a0Funeraria de Galicia<\/strong>\u00a0\u226b Servicio 24 horas.\u00a0\u260e\u00a0<strong>644 633 123<\/strong><\/p>\n<h2>\ud83d\ude4f Costumbres de la zona de Guitiriz<\/h2>\n<p>Guitiriz est\u00e1 compuesto por las parroquias: O Buriz (San Pedro), Bec\u00edn (San Xuli\u00e1n), Labrada (Santa Mar\u00eda), Lagostelle (San Xo\u00e1n), Santa Mari\u00f1a de Lagostelle, Mariz (Santa Eulalia), Negradas (San Vicenzo), Parga (Santo Estevo), Pedrafita, P\u00edgara (San Pedro), Roca (San Xiao), Sambreixo de Parga, San Salvador de Parga, Sta Leocadia de Parga, Santa Cruz, Trasparga (Santiago de), O Vilar (Santa Mar\u00eda) y Os Vilares (San Vicenzo)<b>.\u00a0 <\/b>Todas estas parroquias tienen arraigos y tradiciones <strong>cat\u00f3lico &#8211; cristianas<\/strong>.<\/p>\n<p>Tradicionalmente el cad\u00e1ver es velado en la casa mortuoria o en el tanatorio, para posterior a los velatorios, proceder el d\u00eda del entierro a su introducci\u00f3n en la iglesia de la mano de 4 porteadores para oficializarle una misa funeral, y posteriormente proceder con la cristiana sepultura en el cementerio parroquial.<\/p>\n<p>\ud83d\udec8 El entierro debe llevarse a cabo bajo los deseos que la familia considera que hubiera tenido la persona fallecida, independientemente de las costumbres locales. En Funeraria de Galicia, le acompa\u00f1amos en cada etapa del servicio funerario, ofreciendo un <strong>proceso completo y respetuoso<\/strong> que se adapta a los deseos de los familiares.<\/p>\n<p data-sourcepos=\"13:1-13:73\"><strong>\ud83d\udcc8 Nuevas opciones en tendencia: Entierro Directo y Cremaci\u00f3n Directa<\/strong><\/p>\n<p class=\"\" data-start=\"1338\" data-end=\"1521\">Sabemos que no todas las familias desean seguir el protocolo tradicional completo. Por eso, en <strong data-start=\"1433\" data-end=\"1457\">Funeraria de Galicia<\/strong> ofrecemos opciones m\u00e1s sencillas y econ\u00f3micas, igual de dignas:<\/p>\n<p class=\"\" data-start=\"1523\" data-end=\"1709\">\u2705 <strong data-start=\"1525\" data-end=\"1545\">Entierro directo<\/strong>:<br data-start=\"1546\" data-end=\"1549\" \/>El cuerpo se traslada directamente al cementerio, sin velatorio ni ceremonia previa. Ideal para quienes desean un adi\u00f3s \u00edntimo, discreto y sin complicaciones.<\/p>\n<p class=\"\" data-start=\"1711\" data-end=\"1904\">\u2705 <strong data-start=\"1713\" data-end=\"1734\">Cremaci\u00f3n directa<\/strong>:<br data-start=\"1735\" data-end=\"1738\" \/>El fallecido es llevado directamente al crematorio, sin paso previo por tanatorio ni misa. Una opci\u00f3n r\u00e1pida, sencilla y muy demandada por su comodidad y menor coste.<\/p>\n<p data-sourcepos=\"20:1-20:36\"><strong>Su elecci\u00f3n es nuestra prioridad<\/strong><\/p>\n<p data-sourcepos=\"22:1-22:509\">Independientemente de la opci\u00f3n que elija (tradicional, entierro directo o cremaci\u00f3n directa), en Funeraria de Galicia nos encargamos de <strong>todos los tr\u00e1mites y gestiones<\/strong> para liberar a la familia de cualquier preocupaci\u00f3n. Nos comprometemos a <strong>respetar y cumplir estrictamente todos los deseos<\/strong> tanto del fallecido como de sus seres queridos, asegurando que cada detalle del servicio se realice conforme a sus preferencias y necesidades, ofreci\u00e9ndole <strong>tranquilidad y apoyo<\/strong> en estos momentos delicados.<\/p>\n<div class=\"container py-5 mb-5\">\n<div class=\"bg-white\">\n<div class=\"owl-carousel vendor-carousel owl-loaded owl-drag\">\n<div class=\"owl-stage-outer\">\n<div class=\"owl-stage\">\n<blockquote><p><strong>\u271e\u00a0\ud83e\udd35\u00a0Funeraria de Galicia<\/strong>\u00a0\u226b Servicio 24 horas.<\/p>\n<h3 class=\"LC20lb MBeuO DKV0Md\">\ud83d\udcf1644 633 123<\/h3>\n<\/blockquote>\n<\/div>\n<\/div>\n<\/div>\n<\/div>\n<\/div>\n<h2>\ud83d\udcb3 \u00bfCu\u00e1nto cuesta un entierro en Guitiriz?<\/h2>\n<p><strong>El costo de un sepelio puede variar considerablemente<\/strong>\u00a0seg\u00fan los servicios y productos funerarios que se elijan. Un\u00a0<strong>servicio funerario b\u00e1sico puede tener un precio inferior a 1.800\u20ac<\/strong>. Sin embargo, puede personalizarlo con servicios adicionales como arreglos florales, avisos en radio y prensa, entre otros, seg\u00fan sus necesidades y preferencias, lo que podr\u00eda aumentar el costo final.<\/p>\n<p>No dude en solicitar un\u00a0<strong>presupuesto sin compromiso<\/strong> para conocer el costo detallado de un servicio con Funeraria de Galicia en Guitiriz.<\/p>\n<p><strong><a class=\"blogus-categories category-color-1\" href=\"https:\/\/funerariadegalicia.com\/#presupuesto\">Solicitar Presupuesto Ahora \u00bb<\/a><\/strong><\/p>\n<p>Un agente funerario especializado atender\u00e1 su consulta en la mayor brevedad posible y le asesorar\u00e1, guiar\u00e1 y ayudar\u00e1 en aquello que usted precise del agente.<\/p>\n<div class=\"section-title text-center position-relative pb-3 mb-5 mx-auto\">\n<h2 class=\"fw-bold text-primary text-uppercase\">\ud83d\ude4c\u00a0SEGUROS DE VIDA O DECESOS<\/h2>\n<h4>Aceptamos todas las compa\u00f1\u00edas que se comercializan en Espa\u00f1a y nos adaptamos a las condiciones de su p\u00f3liza para que le cubra el sepelio.<\/h4>\n<p><strong>\u270bEn caso de fallecimiento ll\u00e1menos directamente<\/strong>, nosotros nos ocupamos de dar parte a la compa\u00f1\u00eda y realizar todos los tr\u00e1mites que se soliciten.<\/p>\n<p>Tenemos adem\u00e1s convenios especiales con las principales aseguradoras del pa\u00eds lo que le dar\u00e1 una mayor flexibilidad y garant\u00eda de satisfacci\u00f3n con su compa\u00f1\u00eda aseguradora.<\/p>\n<\/div>\n<div class=\"container py-5 mb-5\">\n<div class=\"bg-white\">\n<div class=\"owl-carousel vendor-carousel owl-loaded owl-drag\">\n<div class=\"owl-stage-outer\">\n<div class=\"owl-stage\">\n<div class=\"owl-item cloned\"><img decoding=\"async\" src=\"https:\/\/funerariadegalicia.com\/img\/caser.jpg\" alt=\"Caser seguros\" \/><img decoding=\"async\" src=\"https:\/\/funerariadegalicia.com\/img\/fe-seguros.jpg\" alt=\"FE seguros\" \/><img decoding=\"async\" src=\"https:\/\/funerariadegalicia.com\/img\/santa-lucia.jpg\" alt=\"Santa Lucia\" \/><img decoding=\"async\" src=\"https:\/\/funerariadegalicia.com\/img\/dkv.jpg\" alt=\"DKV\" \/><img decoding=\"async\" src=\"https:\/\/funerariadegalicia.com\/img\/mapfre.jpg\" alt=\"Mapfre\" \/><img decoding=\"async\" src=\"https:\/\/funerariadegalicia.com\/img\/ocaso.jpg\" alt=\"Ocaso\" \/><img decoding=\"async\" src=\"https:\/\/funerariadegalicia.com\/img\/fiatc.jpg\" alt=\"FiatC\" \/><img decoding=\"async\" src=\"https:\/\/funerariadegalicia.com\/img\/adeslas.jpg\" alt=\"Adeslas\" \/><img decoding=\"async\" src=\"https:\/\/funerariadegalicia.com\/img\/helvetia.jpg\" alt=\"Helvetia\" \/><\/div>\n<div>\n<p><strong>\u270bEn caso de fallecimiento cont\u00e1ctenos inmediatamente<\/strong>, prestamos servicio\u00a0<strong>24 horas<\/strong>\u00a0tambi\u00e9n en\u00a0<b>Guitiriz.<\/b><\/p>\n<blockquote><p><strong>\u271e\u00a0\ud83e\udd35\u00a0Funeraria de Galicia<\/strong>\u00a0\u226b Servicio 24 horas.<br \/>\n\ud83d\udcf1644 633 123<\/p><\/blockquote>\n<\/div>\n<\/div>\n<\/div>\n<\/div>\n<\/div>\n<\/div>\n<h2>\ud83d\udcf2\u00a0Tambi\u00e9n por WhatsApp<\/h2>\n<p>Puede contactarnos directamente por <strong data-start=\"150\" data-end=\"162\">WhatsApp<\/strong>. Solo tiene que pulsar el siguiente enlace y se abrir\u00e1 un chat con nosotros:<\/p>\n<h1><a href=\"https:\/\/api.whatsapp.com\/send?phone=34644633123&amp;text=Hola%20deseo%20informarme\"><img loading=\"lazy\" decoding=\"async\" class=\"alignnone wp-image-124\" src=\"https:\/\/funerariadegalicia.com\/defunciones\/wp-content\/uploads\/2023\/10\/wharsapp-icono.gif\" alt=\"whatsapp icono\" width=\"35\" height=\"34\" \/>\u00a0<strong>Enviar WhatsApp \u00bb<\/strong><\/a><\/h1>\n<p>Le enviaremos el presupuesto detallado y vinculante a su medida por Whatsapp o por correo electr\u00f3nico y si lo permite, un agente funerario contactar\u00e1 con usted para darle un mejor asesoramiento.<\/p>\n<pre><a href=\"tel:644.633.123\">\u260e TOQUE AQUI PARA LLAMAR \u00bb<\/a><\/pre>\n<pre><a href=\"https:\/\/api.whatsapp.com\/send?phone=34644633123&amp;text=Hola%20deseo%20informarme\">\ud83d\udcf1 TOQUE AQU\u00cd PARA WHATSAPP \u00bb<\/a><\/pre>\n<p>&nbsp;<\/p>\n","protected":false},"excerpt":{"rendered":"<p>Funeraria de Galicia ofrece servicios funerarios completos tanto para particulares como para compa\u00f1\u00edas aseguradoras en Guitiriz (Lugo). En Funeraria de Galicia, ponemos a su disposici\u00f3n una oferta integral de servicios funerarios para acompa\u00f1arle en cada momento. Nos encargamos de todo lo necesario, incluyendo: entierros, incineraciones, exhumaciones, gesti\u00f3n de tr\u00e1mites (pensiones de viudedad, \u00faltimas voluntades), limpieza [&hellip;]<\/p>\n","protected":false},"author":1,"featured_media":1190,"parent":95,"menu_order":0,"comment_status":"closed","ping_status":"closed","template":"","meta":{"footnotes":""},"class_list":["post-1189","page","type-page","status-publish","has-post-thumbnail","hentry"],"_links":{"self":[{"href":"https:\/\/funerariadegalicia.com\/defunciones\/wp-json\/wp\/v2\/pages\/1189","targetHints":{"allow":["GET"]}}],"collection":[{"href":"https:\/\/funerariadegalicia.com\/defunciones\/wp-json\/wp\/v2\/pages"}],"about":[{"href":"https:\/\/funerariadegalicia.com\/defunciones\/wp-json\/wp\/v2\/types\/page"}],"author":[{"embeddable":true,"href":"https:\/\/funerariadegalicia.com\/defunciones\/wp-json\/wp\/v2\/users\/1"}],"replies":[{"embeddable":true,"href":"https:\/\/funerariadegalicia.com\/defunciones\/wp-json\/wp\/v2\/comments?post=1189"}],"version-history":[{"count":7,"href":"https:\/\/funerariadegalicia.com\/defunciones\/wp-json\/wp\/v2\/pages\/1189\/revisions"}],"predecessor-version":[{"id":1199,"href":"https:\/\/funerariadegalicia.com\/defunciones\/wp-json\/wp\/v2\/pages\/1189\/revisions\/1199"}],"up":[{"embeddable":true,"href":"https:\/\/funerariadegalicia.com\/defunciones\/wp-json\/wp\/v2\/pages\/95"}],"wp:featuredmedia":[{"embeddable":true,"href":"https:\/\/funerariadegalicia.com\/defunciones\/wp-json\/wp\/v2\/media\/1190"}],"wp:attachment":[{"href":"https:\/\/funerariadegalicia.com\/defunciones\/wp-json\/wp\/v2\/media?parent=1189"}],"curies":[{"name":"wp","href":"https:\/\/api.w.org\/{rel}","templated":true}]}}